{"id":1090,"date":"2016-06-22T09:28:13","date_gmt":"2016-06-22T13:28:13","guid":{"rendered":"https:\/\/tourismesutton.ca\/en\/?page_id=1090"},"modified":"2025-10-22T12:16:41","modified_gmt":"2025-10-22T16:16:41","slug":"contact-us","status":"publish","type":"page","link":"https:\/\/tourismesutton.ca\/en\/contact-us\/","title":{"rendered":"Contact us"},"content":{"rendered":"\n\n\t\t\t\t<img decoding=\"async\" src=\"https:\/\/tourismesutton.ca\/wp-content\/uploads\/2016\/06\/bureau-touristique-2023-devanture.jpg\" alt=\"Bureau d&#039;accueil touristique Sutton\" itemprop=\"image\" height=\"900\" width=\"1200\" onerror=\"this.style.display='none'\" loading=\"lazy\" \/>\n<h6>\n\t\t\tWant to learn more about an activity in Sutton or maybe you are looking for a place to stay here?\t<\/h6>\n<h2>\n\t\t\tContact us, here in Sutton!\t<\/h2>\n\t\n<p><strong>You can write us or call us with all your questions and comments.<\/strong><\/p>\nWe will reply as soon as possible.<br \/>\nWe are in Sutton and we are here to help you!\n<form>\n\t<input type=\"hidden\" name=\"fl-layout-id\" value=\"1090\" \/>\n\t    \t<h3>Contact<\/h3>\n    \t\t<label for=\"pp-name-\">Name<\/label>\n    \t\tVeuillez saisir votre nom.\n    \t\t<input type=\"text\" name=\"pp-name\" id=\"pp-name-\" value=\"\" placeholder=\"Name\"  \/>\n    \t\t<label for=\"pp-email-\">Email<\/label>\n    \t\tVeuillez saisir une adresse email valide.\n    \t\t<input type=\"email\" name=\"pp-email\" id=\"pp-email-\" value=\"\" placeholder=\"Email\"  \/>\n    \t\t<label for=\"pp-message-\">Message<\/label>\n    \t\tPlease type your message.\n    \t\t<textarea name=\"pp-message\" id=\"pp-message-\" placeholder=\"Message\"><\/textarea>\n\t\t\t<p>Veuillez v\u00e9rifier le captcha pour v\u00e9rifier que vous n&#8217;\u00eates pas un robot.<\/p>\n    \t<a href=\"#\" target=\"_self\" role=\"button\">\n    \t\t    \t\t    \t\tSend\n    \t\t    \t\t    \t<\/a>\n\t\t\tLe message a \u00e9chou\u00e9. Veuillez r\u00e9essayer.\n<\/form>\n  <p>Thank you for your message! We will get back to you shortly.<\/p>\n<h3>\n\t\t\tSutton Visitor Information Center\t<\/h3>\n\t27 Principale N.<br \/>\nSutton (QC) J0E 2K0\n<h4>\n\t\t\tOffice hours\t<\/h4>\n\t<p><strong>10 am &#8211; 4 pm<\/strong>: Every day, Sunday to Saturday<\/p>\n\t<p> <strong>Closed<\/strong><\/p>\nFriday December 24<br \/>\nSaturday December 25<br \/>\nSunday December 26\nFriday December 31<br \/>\nSaturday January 1<br \/>\nSunday January 2<strong><br \/>\n<\/strong>\n\t<iframe src=\"https:\/\/www.google.com\/maps\/embed\/v1\/place?q=Sutton+Visitor+Information+Center&#038;key=AIzaSyD09zQ9PNDNNy9TadMuzRV_UsPUoWKntt8\" aria-hidden=\"true\" title=\"Bureau d'accueil touristique de Sutton\"><\/iframe>\n\n","protected":false},"excerpt":{"rendered":"<p>Want to learn more about an activity in Sutton or maybe you are looking for a place to stay here? Contact us, here in Sutton! You can write us or call us with all your questions and comments. We will reply as soon as possible. We are in Sutton and we are here to help&hellip;<\/p>\n","protected":false},"author":2,"featured_media":0,"parent":0,"menu_order":103,"comment_status":"closed","ping_status":"closed","template":"","meta":{"_acf_changed":false,"footnotes":""},"class_list":["post-1090","page","type-page","status-publish","hentry"],"acf":[],"yoast_head":"<!-- This site is optimized with the Yoast SEO plugin v27.3 - https:\/\/yoast.com\/product\/yoast-seo-wordpress\/ -->\n<title>Contact us in Sutton in the Eastern Townships - Sutton Tourism<\/title>\n<meta name=\"description\" content=\"Everything for nature lovers and culture buffs. Ski Mont Sutton, hiking, snowshoeing, X-country, Cycling, kayak, art galleries, circuits, microbreweries.\" \/>\n<meta name=\"robots\" content=\"index, follow, max-snippet:-1, max-image-preview:large, max-video-preview:-1\" \/>\n<link rel=\"canonical\" href=\"https:\/\/tourismesutton.ca\/en\/contact-us\/\" \/>\n<meta property=\"og:locale\" content=\"en_US\" \/>\n<meta property=\"og:type\" content=\"article\" \/>\n<meta property=\"og:title\" content=\"Contact us in Sutton in the Eastern Townships - Sutton Tourism\" \/>\n<meta property=\"og:description\" content=\"Everything for nature lovers and culture buffs. Ski Mont Sutton, hiking, snowshoeing, X-country, Cycling, kayak, art galleries, circuits, microbreweries.\" \/>\n<meta property=\"og:url\" content=\"https:\/\/tourismesutton.ca\/en\/contact-us\/\" \/>\n<meta property=\"og:site_name\" content=\"Tourisme Sutton\" \/>\n<meta property=\"article:modified_time\" content=\"2025-10-22T16:16:41+00:00\" \/>\n<meta name=\"twitter:card\" content=\"summary_large_image\" \/>\n<meta name=\"twitter:image\" content=\"https:\/\/tourismesutton.ca\/wp-content\/uploads\/2016\/06\/bureau-touristique-2023-devanture.jpg\" \/>\n<meta name=\"twitter:label1\" content=\"Est. reading time\" \/>\n\t<meta name=\"twitter:data1\" content=\"1 minute\" \/>\n<script type=\"application\/ld+json\" class=\"yoast-schema-graph\">{\"@context\":\"https:\\\/\\\/schema.org\",\"@graph\":[{\"@type\":\"WebPage\",\"@id\":\"https:\\\/\\\/tourismesutton.ca\\\/en\\\/contact-us\\\/\",\"url\":\"https:\\\/\\\/tourismesutton.ca\\\/en\\\/contact-us\\\/\",\"name\":\"Contact us in Sutton in the Eastern Townships - Sutton Tourism\",\"isPartOf\":{\"@id\":\"https:\\\/\\\/tourismesutton.ca\\\/en\\\/#website\"},\"primaryImageOfPage\":{\"@id\":\"https:\\\/\\\/tourismesutton.ca\\\/en\\\/contact-us\\\/#primaryimage\"},\"image\":{\"@id\":\"https:\\\/\\\/tourismesutton.ca\\\/en\\\/contact-us\\\/#primaryimage\"},\"thumbnailUrl\":\"https:\\\/\\\/tourismesutton.ca\\\/wp-content\\\/uploads\\\/2016\\\/06\\\/bureau-touristique-2023-devanture.jpg\",\"datePublished\":\"2016-06-22T13:28:13+00:00\",\"dateModified\":\"2025-10-22T16:16:41+00:00\",\"description\":\"Everything for nature lovers and culture buffs. Ski Mont Sutton, hiking, snowshoeing, X-country, Cycling, kayak, art galleries, circuits, microbreweries.\",\"breadcrumb\":{\"@id\":\"https:\\\/\\\/tourismesutton.ca\\\/en\\\/contact-us\\\/#breadcrumb\"},\"inLanguage\":\"en-US\",\"potentialAction\":[{\"@type\":\"ReadAction\",\"target\":[\"https:\\\/\\\/tourismesutton.ca\\\/en\\\/contact-us\\\/\"]}]},{\"@type\":\"ImageObject\",\"inLanguage\":\"en-US\",\"@id\":\"https:\\\/\\\/tourismesutton.ca\\\/en\\\/contact-us\\\/#primaryimage\",\"url\":\"https:\\\/\\\/tourismesutton.ca\\\/wp-content\\\/uploads\\\/2016\\\/06\\\/bureau-touristique-2023-devanture.jpg\",\"contentUrl\":\"https:\\\/\\\/tourismesutton.ca\\\/wp-content\\\/uploads\\\/2016\\\/06\\\/bureau-touristique-2023-devanture.jpg\"},{\"@type\":\"BreadcrumbList\",\"@id\":\"https:\\\/\\\/tourismesutton.ca\\\/en\\\/contact-us\\\/#breadcrumb\",\"itemListElement\":[{\"@type\":\"ListItem\",\"position\":1,\"name\":\"Accueil\",\"item\":\"https:\\\/\\\/tourismesutton.ca\\\/en\\\/\"},{\"@type\":\"ListItem\",\"position\":2,\"name\":\"Contact us\"}]},{\"@type\":\"WebSite\",\"@id\":\"https:\\\/\\\/tourismesutton.ca\\\/en\\\/#website\",\"url\":\"https:\\\/\\\/tourismesutton.ca\\\/en\\\/\",\"name\":\"Tourisme Sutton\",\"description\":\"C&#039;est ici que je veux \u00eatre\",\"potentialAction\":[{\"@type\":\"SearchAction\",\"target\":{\"@type\":\"EntryPoint\",\"urlTemplate\":\"https:\\\/\\\/tourismesutton.ca\\\/en\\\/?s={search_term_string}\"},\"query-input\":{\"@type\":\"PropertyValueSpecification\",\"valueRequired\":true,\"valueName\":\"search_term_string\"}}],\"inLanguage\":\"en-US\"}]}<\/script>\n<!-- \/ Yoast SEO plugin. -->","yoast_head_json":{"title":"Contact us in Sutton in the Eastern Townships - Sutton Tourism","description":"Everything for nature lovers and culture buffs. Ski Mont Sutton, hiking, snowshoeing, X-country, Cycling, kayak, art galleries, circuits, microbreweries.","robots":{"index":"index","follow":"follow","max-snippet":"max-snippet:-1","max-image-preview":"max-image-preview:large","max-video-preview":"max-video-preview:-1"},"canonical":"https:\/\/tourismesutton.ca\/en\/contact-us\/","og_locale":"en_US","og_type":"article","og_title":"Contact us in Sutton in the Eastern Townships - Sutton Tourism","og_description":"Everything for nature lovers and culture buffs. Ski Mont Sutton, hiking, snowshoeing, X-country, Cycling, kayak, art galleries, circuits, microbreweries.","og_url":"https:\/\/tourismesutton.ca\/en\/contact-us\/","og_site_name":"Tourisme Sutton","article_modified_time":"2025-10-22T16:16:41+00:00","twitter_card":"summary_large_image","twitter_image":"https:\/\/tourismesutton.ca\/wp-content\/uploads\/2016\/06\/bureau-touristique-2023-devanture.jpg","twitter_misc":{"Est. reading time":"1 minute"},"schema":{"@context":"https:\/\/schema.org","@graph":[{"@type":"WebPage","@id":"https:\/\/tourismesutton.ca\/en\/contact-us\/","url":"https:\/\/tourismesutton.ca\/en\/contact-us\/","name":"Contact us in Sutton in the Eastern Townships - Sutton Tourism","isPartOf":{"@id":"https:\/\/tourismesutton.ca\/en\/#website"},"primaryImageOfPage":{"@id":"https:\/\/tourismesutton.ca\/en\/contact-us\/#primaryimage"},"image":{"@id":"https:\/\/tourismesutton.ca\/en\/contact-us\/#primaryimage"},"thumbnailUrl":"https:\/\/tourismesutton.ca\/wp-content\/uploads\/2016\/06\/bureau-touristique-2023-devanture.jpg","datePublished":"2016-06-22T13:28:13+00:00","dateModified":"2025-10-22T16:16:41+00:00","description":"Everything for nature lovers and culture buffs. Ski Mont Sutton, hiking, snowshoeing, X-country, Cycling, kayak, art galleries, circuits, microbreweries.","breadcrumb":{"@id":"https:\/\/tourismesutton.ca\/en\/contact-us\/#breadcrumb"},"inLanguage":"en-US","potentialAction":[{"@type":"ReadAction","target":["https:\/\/tourismesutton.ca\/en\/contact-us\/"]}]},{"@type":"ImageObject","inLanguage":"en-US","@id":"https:\/\/tourismesutton.ca\/en\/contact-us\/#primaryimage","url":"https:\/\/tourismesutton.ca\/wp-content\/uploads\/2016\/06\/bureau-touristique-2023-devanture.jpg","contentUrl":"https:\/\/tourismesutton.ca\/wp-content\/uploads\/2016\/06\/bureau-touristique-2023-devanture.jpg"},{"@type":"BreadcrumbList","@id":"https:\/\/tourismesutton.ca\/en\/contact-us\/#breadcrumb","itemListElement":[{"@type":"ListItem","position":1,"name":"Accueil","item":"https:\/\/tourismesutton.ca\/en\/"},{"@type":"ListItem","position":2,"name":"Contact us"}]},{"@type":"WebSite","@id":"https:\/\/tourismesutton.ca\/en\/#website","url":"https:\/\/tourismesutton.ca\/en\/","name":"Tourisme Sutton","description":"C&#039;est ici que je veux \u00eatre","potentialAction":[{"@type":"SearchAction","target":{"@type":"EntryPoint","urlTemplate":"https:\/\/tourismesutton.ca\/en\/?s={search_term_string}"},"query-input":{"@type":"PropertyValueSpecification","valueRequired":true,"valueName":"search_term_string"}}],"inLanguage":"en-US"}]}},"_links":{"self":[{"href":"https:\/\/tourismesutton.ca\/en\/wp-json\/wp\/v2\/pages\/1090","targetHints":{"allow":["GET"]}}],"collection":[{"href":"https:\/\/tourismesutton.ca\/en\/wp-json\/wp\/v2\/pages"}],"about":[{"href":"https:\/\/tourismesutton.ca\/en\/wp-json\/wp\/v2\/types\/page"}],"author":[{"embeddable":true,"href":"https:\/\/tourismesutton.ca\/en\/wp-json\/wp\/v2\/users\/2"}],"replies":[{"embeddable":true,"href":"https:\/\/tourismesutton.ca\/en\/wp-json\/wp\/v2\/comments?post=1090"}],"version-history":[{"count":40,"href":"https:\/\/tourismesutton.ca\/en\/wp-json\/wp\/v2\/pages\/1090\/revisions"}],"predecessor-version":[{"id":11681,"href":"https:\/\/tourismesutton.ca\/en\/wp-json\/wp\/v2\/pages\/1090\/revisions\/11681"}],"wp:attachment":[{"href":"https:\/\/tourismesutton.ca\/en\/wp-json\/wp\/v2\/media?parent=1090"}],"curies":[{"name":"wp","href":"https:\/\/api.w.org\/{rel}","templated":true}]}}