{"id":1095,"date":"2016-06-22T10:06:34","date_gmt":"2016-06-22T14:06:34","guid":{"rendered":"https:\/\/tourismesutton.ca\/en\/?page_id=1095"},"modified":"2024-09-12T14:44:07","modified_gmt":"2024-09-12T18:44:07","slug":"fall","status":"publish","type":"page","link":"https:\/\/tourismesutton.ca\/en\/fall\/","title":{"rendered":"Fall"},"content":{"rendered":"\n<h5>\n\t\t<a href=\"https:\/\/www.facebook.com\/tourisme.tourism\/\" title=\"For more information on our current activities and events, please read our Facebook page\" target=\"_blank\" rel=\"noopener\">\n\t\tFor more information on our current activities and events, please read our Facebook page\n\t\t<\/a>\n\t<\/h5>\n\t\t\t<a href=\"https:\/\/www.facebook.com\/tourisme.tourism\/\" target=\"_blank\" rel=\"noopener\">\n\t\t\t\t\t\tClick here\n\t\t\t\t\t<\/a>\n<h5>\n\t\t<a href=\"https:\/\/commercesutton.ca\/en\/\" title=\"Acces our list of businesses and services members of the CDES.\" target=\"_blank\" rel=\"noopener\">\n\t\tAcces our list of businesses and services members of the CDES.\n\t\t<\/a>\n\t<\/h5>\n\t\t\t<a href=\"https:\/\/commercesutton.ca\/en\/\" target=\"_blank\" rel=\"noopener\">\n\t\t\t\t\t\t\t<b>COMMERCE<\/b>SUTTON\n\t\t\t\t\t<\/a>\n<h2>\n\t\tSUTTON, Full of color EVERY day of the week!\n\t<\/h2>\n\t<p>Enjoy autumn colors, outdoor activities, music and good food every day of the week in the heart of Quebec&#8217;s Eastern Townships!<\/p>\n\t\t\t<a href=\"https:\/\/tourismesutton.ca\/en\/fall\/do-fall\/\" target=\"_self\" rel=\"noopener\">\n\t\t\t\t\t\t\tEnjoy Sutton in Fall\n\t\t\t\t\t<\/a>\n<h2>\n\t\tOutdoor Activities\n\t<\/h2>\n\t<p>Cycle, hike, kayak and golf&#8230;in beautiful surroundings!<\/p>\n\t\t\t<a href=\"https:\/\/tourismesutton.ca\/en\/fall\/outdoor-activities-fall\/\" target=\"_self\" rel=\"noopener\">\n\t\t\t\t\t\t\tOutdoor Activities in Sutton\n\t\t\t\t\t<\/a>\n<h2>\n\t\tGourmet routes of Sutton&#8217;s terroir\n\t<\/h2>\n\tNothing better than a good gourmet getaway, as an excuse to taste all kinds of local and tasty products. Discoveries that will please you!\n\t\t\t<a href=\"https:\/\/tourismesutton.ca\/en\/directory\/business-tag\/foodies-tour\/\" target=\"_self\" rel=\"noopener\">\n\t\t\t\t\t\t\tSutton Gourmet Terroir\n\t\t\t\t\t<\/a>\n<h2>\n\t\tCulture and Heritage\n\t<\/h2>\n\t<p>Art Galleries, Artists&#8217; Studios, Heritage Tours &#8211; Sutton&#8217;s large cultural community welcomes you.<\/p>\n\t\t\t<a href=\"https:\/\/tourismesutton.ca\/en\/fall\/culture-and-heritage\/\" target=\"_self\" rel=\"noopener\">\n\t\t\t\t\t\t\tCulture and Heritage in Sutton\n\t\t\t\t\t<\/a>\n<h2>\n\t\tDiscover Sutton\n\t<\/h2>\n\t<p>Explore the savoury world of Sutton&#8217;s bistros, Caf\u00e9 de village, microbreweries, and restaurants.<\/p>\n\t\t\t<a href=\"https:\/\/tourismesutton.ca\/en\/fall\/discover-sutton\/\" target=\"_self\" rel=\"noopener\">\n\t\t\t\t\t\t\tDiscover Sutton\n\t\t\t\t\t<\/a>\n<h2>\n\t\t<a href=\"https:\/\/suttontourism.ca\/blog\/\" title=\"&lt;i class=&quot;far fa-heart&quot;&gt;&lt;\/i&gt; Blog\" target=\"_self\" rel=\"noopener\">\n\t\t Blog\n\t\t<\/a>\n\t<\/h2>\n<h2>\n\t\t#monsutton\n\t<\/h2>\n\t\t\t\t\t\t\t\t\t\t\t\t\t<a href=\"https:\/\/www.instagram.com\/p\/C_x4kzAIG_s\/\" target=\"_blank\" rel=\"nofollow noopener\">\n\t\t\t\t\t\t<img decoding=\"async\" src=\"https:\/\/scontent-iad3-1.cdninstagram.com\/v\/t39.30808-6\/459098739_1149899329993843_3464092839619930757_n.jpg?_nc_cat=102&#038;ccb=1-7&#038;_nc_sid=18de74&#038;_nc_ohc=vthJKvJK5NMQ7kNvgHNi3U_&#038;_nc_ht=scontent-iad3-1.cdninstagram.com&#038;edm=ANo9K5cEAAAA&#038;_nc_gid=AfmhwFnI72mU7ghqLPXQMA7&#038;oh=00_AYANwwdeFzdbdHpPJs2j656bAMDcGPCF-T7dJNrLyEJwUA&#038;oe=66E9024E\" alt=\"\ud83d\udcec Ne manquez rien \u00e0 Sutton !\nInscrivez-vous \u00e0 linfolettre et restez au courant des \u00e9v\u00e9nements, activit\u00e9s et nouveaut\u00e9s \u00e0 venir. \ud83c\udf1f\n\ud83d\udc49 https:\/\/tourismesutton.ca\/ \n\ud83d\udcec Don't miss a thing in Sutton!\nSign up for our newsletter and stay informed about upcoming events, activities, and whats new. \ud83c\udf1f\n\ud83d\udc49 https:\/\/tourismesutton.ca\/en\/\" \/>\n\t\t\t\t\t\t\t\t\t\t\t\t\t<\/a>\n\t\t\t\t\t\t\t\t\t\t\t\t\t<a href=\"https:\/\/www.instagram.com\/p\/C9IXUDRMNg2\/\" target=\"_blank\" rel=\"nofollow noopener\">\n\t\t\t\t\t\t<img decoding=\"async\" src=\"https:\/\/scontent-iad3-2.cdninstagram.com\/v\/t39.30808-6\/450094078_1104625047854605_6232831107300742868_n.jpg?_nc_cat=109&#038;ccb=1-7&#038;_nc_sid=18de74&#038;_nc_ohc=LmUQy1AxoiIQ7kNvgHkWPKx&#038;_nc_ht=scontent-iad3-2.cdninstagram.com&#038;edm=ANo9K5cEAAAA&#038;_nc_gid=AfmhwFnI72mU7ghqLPXQMA7&#038;oh=00_AYAd0zT7y6aUQ9f_JcPYlEWwDXyysEFRdS8k_kIn-byHMw&#038;oe=66E8EA65\" alt=\"\ud83c\udfa8 D\u00e9couvrez le TOUR DES ARTS 2024 ! \ud83c\udf1f\nDu 13 au 21 juillet, plongez dans l'univers cr\u00e9atif des artistes et artisans de notre magnifique r\u00e9gion. Explorez leurs ateliers, admirez leurs \u0153uvres ! \n\ud83c\udfa8 Discover TOUR DES ARTS 2024! \ud83c\udf1f\nFrom July 13 to 21, immerse yourself in the creative universe of the artists and artisans of our magnificent region. Explore their studios, admire their works!\" \/>\n\t\t\t\t\t\t\t\t\t\t\t\t\t<\/a>\n\t\t\t\t\t\t\t\t\t\t\t\t\t<a href=\"https:\/\/www.instagram.com\/p\/C8CaqIbKEcu\/\" target=\"_blank\" rel=\"nofollow noopener\">\n\t\t\t\t\t\t<img decoding=\"async\" src=\"https:\/\/scontent-iad3-1.cdninstagram.com\/v\/t39.30808-6\/447846679_1084993253151118_8831541822911139210_n.jpg?_nc_cat=110&#038;ccb=1-7&#038;_nc_sid=18de74&#038;_nc_ohc=rDTmElPUQdwQ7kNvgHCclJc&#038;_nc_ht=scontent-iad3-1.cdninstagram.com&#038;edm=ANo9K5cEAAAA&#038;_nc_gid=AfmhwFnI72mU7ghqLPXQMA7&#038;oh=00_AYDBwpI2w-8aYOuA9K6TqCJj92gEUWduD84pH8EXfwWnFw&#038;oe=66E8F8EB\" alt=\"Sanders Pinault, artiste en arts visuels vous partage ses connaissances ! \ud83c\udfa8\nLors de cet atelier d'une journ\u00e9e, elle vous montrera comment utiliser les b\u00e2tons \u00e0 l'huile sur divers supports tels que le papier aquarelle, le papier toil\u00e9, la toile et le papier yupo. Une journ\u00e9e d'exploration et de cr\u00e9ation vous attend ! \ud83c\udf1f\ud83d\udd8d\nSanders Pinault, artiste en arts visuels shares her knowledge with you! \ud83c\udfa8\nIn this one-day workshop, shell show you how to use oil sticks on a variety of media, including watercolor paper, canvas and yupo paper. A day of exploration and creation awaits you! \ud83c\udf1f\ud83d\udd8d\" \/>\n\t\t\t\t\t\t\t\t\t\t\t\t\t<\/a>\n\t\t\t\t\t\t\t\t\t\t\t\t\t<a href=\"https:\/\/www.instagram.com\/p\/C7MV9kCK24g\/\" target=\"_blank\" rel=\"nofollow noopener\">\n\t\t\t\t\t\t<img decoding=\"async\" src=\"https:\/\/scontent-iad3-2.cdninstagram.com\/v\/t39.30808-6\/442437711_1070698751247235_6226894152757061888_n.jpg?_nc_cat=109&#038;ccb=1-7&#038;_nc_sid=18de74&#038;_nc_ohc=Sovv84QC11QQ7kNvgGp18j6&#038;_nc_ht=scontent-iad3-2.cdninstagram.com&#038;edm=ANo9K5cEAAAA&#038;_nc_gid=AfmhwFnI72mU7ghqLPXQMA7&#038;oh=00_AYCksmQHgAgit4Ty0BYJDwx19qswFHsKxjqgJxvj4RSMiw&#038;oe=66E8F298\" alt=\"Star d'un soir vous invite \u00e0 assister \u00e0 des performances les 25 et 28 mai \u00e0 la SAG, mettant en lumi\u00e8re les talents, quils soient cach\u00e9s ou reconnus, de notre communaut\u00e9 pour le plus grand plaisir du public.\nSoir\u00e9e b\u00e9n\u00e9fice pour Sutton Encore et la SAG.\nBillets pour samedi le 25 :\nhttps:\/\/thepointofsale.com\/tickets\/sag240525001\nBillets pour mardi le 28 :\nhttps:\/\/thepointofsale.com\/tickets\/sag240528001 \nStar dun soir invites you to attend performances on May 25 and 28 at SAG, showcasing our communitys talents, both hidden and recognized, for the enjoyment of the public.\nBenefit evening for Sutton Encore and SAG.\nTickets for Saturday, May 25 :\nhttps:\/\/thepointofsale.com\/tickets\/sag240525001\nTickets for Tuesday, May 28 : \nhttps:\/\/thepointofsale.com\/tickets\/sag240528001\" \/>\n\t\t\t\t\t\t\t\t\t\t\t\t\t<\/a>\n\t\t\t\t\t\t\t\t\t\t\t\t\t<a href=\"https:\/\/www.instagram.com\/p\/C7EnkW3Ml1Y\/\" target=\"_blank\" rel=\"nofollow noopener\">\n\t\t\t\t\t\t<img decoding=\"async\" src=\"https:\/\/scontent-iad3-1.cdninstagram.com\/v\/t39.30808-6\/443858813_1068503121466798_7298136521057617139_n.jpg?_nc_cat=104&#038;ccb=1-7&#038;_nc_sid=18de74&#038;_nc_ohc=yv6kmNUkF1UQ7kNvgHuaBQQ&#038;_nc_ht=scontent-iad3-1.cdninstagram.com&#038;edm=ANo9K5cEAAAA&#038;_nc_gid=AfmhwFnI72mU7ghqLPXQMA7&#038;oh=00_AYBdSppzUMixafwyjwtuNJTpmm_n2MlvDw63QAscWcco6w&#038;oe=66E8F5D5\" alt=\"Les candidatures pour les exposants seront bient\u00f4t ouvertes pour le March\u00e9 de No\u00ebl de Sutton 2024. Restez attentifs pour \u00eatre au courant des derni\u00e8res nouvelles et des prochaines annonces ! \ud83c\udf84\nSi vous souhaitez participer en tant quexposant, veuillez nous envoyer un courriel \u00e0 mdn@tourismesutton.ca. D\u00e8s que nous recevrons votre courriel, nous vous ajouterons \u00e0 notre liste denvoi pour le formulaire dinscription. Ce formulaire vous sera envoy\u00e9 le 1er juin.\ud83c\udf81\nExhibitor applications will soon be open for the Sutton Christmas Market 2024. Stay tuned for the latest news and upcoming announcements! \ud83c\udf84\nIf you would like to participate as an exhibitor, please send us an e-mail to mdn@tourismesutton.ca. As soon as we receive your e-mail, well add you to our mailing list for the registration form. This form will be sent to you on June 1. \ud83c\udf81\" \/>\n\t\t\t\t\t\t\t\t\t\t\t\t\t<\/a>\n\t\t\t\t\t\t\t\t\t\t\t\t\t<a href=\"https:\/\/www.instagram.com\/p\/C7CeoRnsidG\/\" target=\"_blank\" rel=\"nofollow noopener\">\n\t\t\t\t\t\t<img decoding=\"async\" src=\"https:\/\/scontent-iad3-2.cdninstagram.com\/v\/t39.30808-6\/441508739_1068450158138761_8083542834889531114_n.jpg?_nc_cat=111&#038;ccb=1-7&#038;_nc_sid=18de74&#038;_nc_ohc=Ffl8SZlDb1EQ7kNvgGnQ9j0&#038;_nc_ht=scontent-iad3-2.cdninstagram.com&#038;edm=ANo9K5cEAAAA&#038;_nc_gid=AfmhwFnI72mU7ghqLPXQMA7&#038;oh=00_AYBwT2UE1zJc4e23fgfVrbNCRIeqoOR0xFIkOnYnlbtqtg&#038;oe=66E907A1\" alt=\"Ce soir, 16 mai \u00e0 20h, \u00e0 la Legion Sutton, Jesper Vinther \u00e0 laccord\u00e9on et Jes Kroman au violon sont deux des musiciens danois les plus reconnus dans le domaine de la musique folk traditionnelle.\nTonight, May 16, 8pm, at Legion Sutton, Jesper Vinther on accordion and Jes Kroman on fiddle are two of Denmarks most renowned traditional folk musicians.\" \/>\n\t\t\t\t\t\t\t\t\t\t\t\t\t<\/a>\n        \t<a href=\"https:\/\/tourismesutton.ca\/en\/classifications\/#CTB\" target=\"_self\" rel=\"noopener\">            \n\t\t\t\t\t\t<img decoding=\"async\" src=\"https:\/\/tourismesutton.ca\/wp-content\/uploads\/2020\/07\/RouteDesVins_logocircuit-2020.png\" alt=\"Route Des Vins Brome-Missisquoi\" data-no-lazy=\"1\" \/>\t\t\t\t\t\n                            <p>Route Des Vins Brome-Missisquoi<\/p>\n            <\/a>\t\t\n        \t<a href=\"https:\/\/tourismesutton.ca\/en\/classifications\/#CTCDL\" target=\"_self\" rel=\"noopener\">            \n\t\t\t\t\t\t<img decoding=\"async\" src=\"https:\/\/tourismesutton.ca\/wp-content\/uploads\/2020\/07\/Cafedevillage-2020.png\" alt=\"Caf\u00e9 de Village Canton-de-l'est\" data-no-lazy=\"1\" \/>\t\t\t\t\t\n                            <p>Caf\u00e9 de Village Canton-de-l&#8217;est<\/p>\n            <\/a>\t\t\n        \t<a href=\"https:\/\/tourismesutton.ca\/en\/classifications\/#CTCDL\" target=\"_self\" rel=\"noopener\">            \n\t\t\t\t\t\t<img decoding=\"async\" src=\"https:\/\/tourismesutton.ca\/wp-content\/uploads\/2020\/07\/CS-logo-2020.png\" alt=\"Cr\u00e9ateurs de saveurs Cantons-de-l'Est\" data-no-lazy=\"1\" \/>\t\t\t\t\t\n                            <p>Cr\u00e9ateurs de saveurs Cantons-de-l&#8217;Est<\/p>\n            <\/a>\t\t\n        \t<a href=\"https:\/\/tourismesutton.ca\/en\/classifications\/#CTCDL\" target=\"_self\" rel=\"noopener\">            \n\t\t\t\t\t\t<img decoding=\"async\" src=\"https:\/\/tourismesutton.ca\/wp-content\/uploads\/2020\/07\/bienvenue_randonneurs-2020.png\" alt=\"Bienvenue randonneurs Cantons-de-l'Est\" data-no-lazy=\"1\" \/>\t\t\t\t\t\n                            <p>Bienvenue randonneurs Cantons-de-l&#8217;Est<\/p>\n            <\/a>\t\t\n        \t<a href=\"https:\/\/tourismesutton.ca\/en\/classifications\/#VeloS\" target=\"_self\" rel=\"noopener\">            \n\t\t\t\t\t\t<img decoding=\"async\" src=\"https:\/\/tourismesutton.ca\/wp-content\/uploads\/2020\/07\/velosympathique-bronze-2020.png\" alt=\"V\u00e9lo sympathique\" data-no-lazy=\"1\" \/>\t\t\t\t\t\n                            <p>V\u00e9lo sympathique<\/p>\n            <\/a>\t\t\n        \t<a href=\"https:\/\/tourismesutton.ca\/en\/classifications\/#CTCDL\" target=\"_self\" rel=\"noopener\">            \n\t\t\t\t\t\t<img decoding=\"async\" src=\"https:\/\/tourismesutton.ca\/wp-content\/uploads\/2020\/07\/BV-2020.png\" alt=\"Bienvenue cyclistes\" data-no-lazy=\"1\" \/>\t\t\t\t\t\n                            <p>Bienvenue cyclistes<\/p>\n            <\/a>\t\t\n        \t<a href=\"https:\/\/tourismesutton.ca\/en\/directory\/chemin-des-cantons-townships-trail\/\" target=\"_self\" rel=\"noopener\">            \n\t\t\t\t\t\t<img decoding=\"async\" src=\"https:\/\/tourismesutton.ca\/wp-content\/uploads\/2020\/07\/chemin-des-cantons-2020.png\" alt=\"Chemin des Cantons\" data-no-lazy=\"1\" \/>\t\t\t\t\t\n                            <p>Chemin des Cantons<\/p>\n            <\/a>\t\t\n        \t<a href=\"https:\/\/tourismesutton.ca\/en\/classifications\/#Bornes\" target=\"_self\" rel=\"noopener\">            \n\t\t\t\t\t\t<img decoding=\"async\" src=\"https:\/\/tourismesutton.ca\/wp-content\/uploads\/2020\/07\/Voiture-electrique-2020.png\" alt=\"Bornes de recharges\" data-no-lazy=\"1\" \/>\t\t\t\t\t\n                            <p>Bornes de recharges<\/p>\n            <\/a>\t\t\n        \t<a href=\"https:\/\/tourismesutton.ca\/en\/classifications\/#Achatlocal\" target=\"_self\" rel=\"noopener\">            \n\t\t\t\t\t\t<img decoding=\"async\" src=\"https:\/\/tourismesutton.ca\/wp-content\/uploads\/2020\/07\/Logo-Achat-Local-B-M-2020.png\" alt=\"Achat Local CCB-M\" data-no-lazy=\"1\" \/>\t\t\t\t\t\n                            <p>Achat Local CCB-M<\/p>\n            <\/a>\t\t\n        \t<a href=\"https:\/\/tourismesutton.ca\/en\/classifications\/#Panierbleu\" target=\"_self\" rel=\"noopener\">            \n\t\t\t\t\t\t<img decoding=\"async\" src=\"https:\/\/tourismesutton.ca\/wp-content\/uploads\/2020\/07\/PanierBleu_Htal_Vignette-FaisonsRouler-2020.png\" alt=\"Le panier Bleu\" data-no-lazy=\"1\" \/>\t\t\t\t\t\n                            <p>Le panier Bleu<\/p>\n            <\/a>\t\t\n\t\t\t<button>Next<\/button>\n\t\t<button>Previous<\/button>\n\n","protected":false},"excerpt":{"rendered":"<p>For more information on our current activities and events, please read our Facebook page Click here Acces our list of businesses and services members of the CDES. COMMERCESUTTON SUTTON, Full of color EVERY day of the week! Enjoy autumn colors, outdoor activities, music and good food every day of the week in the heart of&hellip;<\/p>\n","protected":false},"author":2,"featured_media":0,"parent":0,"menu_order":20,"comment_status":"closed","ping_status":"closed","template":"","meta":{"_acf_changed":false,"footnotes":""},"class_list":["post-1095","page","type-page","status-publish","hentry"],"acf":[],"yoast_head":"<!-- This site is optimized with the Yoast SEO plugin v27.4 - https:\/\/yoast.com\/product\/yoast-seo-wordpress\/ -->\n<title>Visit Sutton in the Eastern Townships this fall \u2013 Sutton Tourism<\/title>\n<meta name=\"description\" content=\"Fall foliage festival at Mont Sutton. Cycling, kayak, hiking, golf, art galleries, circuits, microbreweries, shopping, events.\" \/>\n<meta name=\"robots\" content=\"index, follow, max-snippet:-1, max-image-preview:large, max-video-preview:-1\" \/>\n<link rel=\"canonical\" href=\"https:\/\/tourismesutton.ca\/en\/fall\/\" \/>\n<meta property=\"og:locale\" content=\"en_US\" \/>\n<meta property=\"og:type\" content=\"article\" \/>\n<meta property=\"og:title\" content=\"Visit Sutton in the Eastern Townships this fall \u2013 Sutton Tourism\" \/>\n<meta property=\"og:description\" content=\"Fall foliage festival at Mont Sutton. Cycling, kayak, hiking, golf, art galleries, circuits, microbreweries, shopping, events.\" \/>\n<meta property=\"og:url\" content=\"https:\/\/tourismesutton.ca\/en\/fall\/\" \/>\n<meta property=\"og:site_name\" content=\"Tourisme Sutton\" \/>\n<meta property=\"article:modified_time\" content=\"2024-09-12T18:44:07+00:00\" \/>\n<meta property=\"og:image\" content=\"https:\/\/tourismesutton.ca\/wp-content\/uploads\/2023\/09\/Sutton-automne-FB-SEO.jpg\" \/>\n\t<meta property=\"og:image:width\" content=\"1200\" \/>\n\t<meta property=\"og:image:height\" content=\"630\" \/>\n\t<meta property=\"og:image:type\" content=\"image\/jpeg\" \/>\n<meta name=\"twitter:card\" content=\"summary_large_image\" \/>\n<meta name=\"twitter:label1\" content=\"Est. reading time\" \/>\n\t<meta name=\"twitter:data1\" content=\"5 minutes\" \/>\n<script type=\"application\/ld+json\" class=\"yoast-schema-graph\">{\"@context\":\"https:\\\/\\\/schema.org\",\"@graph\":[{\"@type\":\"WebPage\",\"@id\":\"https:\\\/\\\/tourismesutton.ca\\\/en\\\/fall\\\/\",\"url\":\"https:\\\/\\\/tourismesutton.ca\\\/en\\\/fall\\\/\",\"name\":\"Visit Sutton in the Eastern Townships this fall \u2013 Sutton Tourism\",\"isPartOf\":{\"@id\":\"https:\\\/\\\/tourismesutton.ca\\\/en\\\/#website\"},\"primaryImageOfPage\":{\"@id\":\"https:\\\/\\\/tourismesutton.ca\\\/en\\\/fall\\\/#primaryimage\"},\"image\":{\"@id\":\"https:\\\/\\\/tourismesutton.ca\\\/en\\\/fall\\\/#primaryimage\"},\"thumbnailUrl\":\"https:\\\/\\\/scontent-iad3-1.cdninstagram.com\\\/v\\\/t39.30808-6\\\/459098739_1149899329993843_3464092839619930757_n.jpg?_nc_cat=102&ccb=1-7&_nc_sid=18de74&_nc_ohc=vthJKvJK5NMQ7kNvgHNi3U_&_nc_ht=scontent-iad3-1.cdninstagram.com&edm=ANo9K5cEAAAA&_nc_gid=AfmhwFnI72mU7ghqLPXQMA7&oh=00_AYANwwdeFzdbdHpPJs2j656bAMDcGPCF-T7dJNrLyEJwUA&oe=66E9024E\",\"datePublished\":\"2016-06-22T14:06:34+00:00\",\"dateModified\":\"2024-09-12T18:44:07+00:00\",\"description\":\"Fall foliage festival at Mont Sutton. Cycling, kayak, hiking, golf, art galleries, circuits, microbreweries, shopping, events.\",\"breadcrumb\":{\"@id\":\"https:\\\/\\\/tourismesutton.ca\\\/en\\\/fall\\\/#breadcrumb\"},\"inLanguage\":\"en-US\",\"potentialAction\":[{\"@type\":\"ReadAction\",\"target\":[\"https:\\\/\\\/tourismesutton.ca\\\/en\\\/fall\\\/\"]}]},{\"@type\":\"ImageObject\",\"inLanguage\":\"en-US\",\"@id\":\"https:\\\/\\\/tourismesutton.ca\\\/en\\\/fall\\\/#primaryimage\",\"url\":\"https:\\\/\\\/scontent-iad3-1.cdninstagram.com\\\/v\\\/t39.30808-6\\\/459098739_1149899329993843_3464092839619930757_n.jpg?_nc_cat=102&ccb=1-7&_nc_sid=18de74&_nc_ohc=vthJKvJK5NMQ7kNvgHNi3U_&_nc_ht=scontent-iad3-1.cdninstagram.com&edm=ANo9K5cEAAAA&_nc_gid=AfmhwFnI72mU7ghqLPXQMA7&oh=00_AYANwwdeFzdbdHpPJs2j656bAMDcGPCF-T7dJNrLyEJwUA&oe=66E9024E\",\"contentUrl\":\"https:\\\/\\\/scontent-iad3-1.cdninstagram.com\\\/v\\\/t39.30808-6\\\/459098739_1149899329993843_3464092839619930757_n.jpg?_nc_cat=102&ccb=1-7&_nc_sid=18de74&_nc_ohc=vthJKvJK5NMQ7kNvgHNi3U_&_nc_ht=scontent-iad3-1.cdninstagram.com&edm=ANo9K5cEAAAA&_nc_gid=AfmhwFnI72mU7ghqLPXQMA7&oh=00_AYANwwdeFzdbdHpPJs2j656bAMDcGPCF-T7dJNrLyEJwUA&oe=66E9024E\"},{\"@type\":\"BreadcrumbList\",\"@id\":\"https:\\\/\\\/tourismesutton.ca\\\/en\\\/fall\\\/#breadcrumb\",\"itemListElement\":[{\"@type\":\"ListItem\",\"position\":1,\"name\":\"Accueil\",\"item\":\"https:\\\/\\\/tourismesutton.ca\\\/en\\\/\"},{\"@type\":\"ListItem\",\"position\":2,\"name\":\"Fall\"}]},{\"@type\":\"WebSite\",\"@id\":\"https:\\\/\\\/tourismesutton.ca\\\/en\\\/#website\",\"url\":\"https:\\\/\\\/tourismesutton.ca\\\/en\\\/\",\"name\":\"Tourisme Sutton\",\"description\":\"C&#039;est ici que je veux \u00eatre\",\"potentialAction\":[{\"@type\":\"SearchAction\",\"target\":{\"@type\":\"EntryPoint\",\"urlTemplate\":\"https:\\\/\\\/tourismesutton.ca\\\/en\\\/?s={search_term_string}\"},\"query-input\":{\"@type\":\"PropertyValueSpecification\",\"valueRequired\":true,\"valueName\":\"search_term_string\"}}],\"inLanguage\":\"en-US\"}]}<\/script>\n<!-- \/ Yoast SEO plugin. -->","yoast_head_json":{"title":"Visit Sutton in the Eastern Townships this fall \u2013 Sutton Tourism","description":"Fall foliage festival at Mont Sutton. Cycling, kayak, hiking, golf, art galleries, circuits, microbreweries, shopping, events.","robots":{"index":"index","follow":"follow","max-snippet":"max-snippet:-1","max-image-preview":"max-image-preview:large","max-video-preview":"max-video-preview:-1"},"canonical":"https:\/\/tourismesutton.ca\/en\/fall\/","og_locale":"en_US","og_type":"article","og_title":"Visit Sutton in the Eastern Townships this fall \u2013 Sutton Tourism","og_description":"Fall foliage festival at Mont Sutton. Cycling, kayak, hiking, golf, art galleries, circuits, microbreweries, shopping, events.","og_url":"https:\/\/tourismesutton.ca\/en\/fall\/","og_site_name":"Tourisme Sutton","article_modified_time":"2024-09-12T18:44:07+00:00","og_image":[{"width":1200,"height":630,"url":"https:\/\/tourismesutton.ca\/wp-content\/uploads\/2023\/09\/Sutton-automne-FB-SEO.jpg","type":"image\/jpeg"}],"twitter_card":"summary_large_image","twitter_misc":{"Est. reading time":"5 minutes"},"schema":{"@context":"https:\/\/schema.org","@graph":[{"@type":"WebPage","@id":"https:\/\/tourismesutton.ca\/en\/fall\/","url":"https:\/\/tourismesutton.ca\/en\/fall\/","name":"Visit Sutton in the Eastern Townships this fall \u2013 Sutton Tourism","isPartOf":{"@id":"https:\/\/tourismesutton.ca\/en\/#website"},"primaryImageOfPage":{"@id":"https:\/\/tourismesutton.ca\/en\/fall\/#primaryimage"},"image":{"@id":"https:\/\/tourismesutton.ca\/en\/fall\/#primaryimage"},"thumbnailUrl":"https:\/\/scontent-iad3-1.cdninstagram.com\/v\/t39.30808-6\/459098739_1149899329993843_3464092839619930757_n.jpg?_nc_cat=102&ccb=1-7&_nc_sid=18de74&_nc_ohc=vthJKvJK5NMQ7kNvgHNi3U_&_nc_ht=scontent-iad3-1.cdninstagram.com&edm=ANo9K5cEAAAA&_nc_gid=AfmhwFnI72mU7ghqLPXQMA7&oh=00_AYANwwdeFzdbdHpPJs2j656bAMDcGPCF-T7dJNrLyEJwUA&oe=66E9024E","datePublished":"2016-06-22T14:06:34+00:00","dateModified":"2024-09-12T18:44:07+00:00","description":"Fall foliage festival at Mont Sutton. Cycling, kayak, hiking, golf, art galleries, circuits, microbreweries, shopping, events.","breadcrumb":{"@id":"https:\/\/tourismesutton.ca\/en\/fall\/#breadcrumb"},"inLanguage":"en-US","potentialAction":[{"@type":"ReadAction","target":["https:\/\/tourismesutton.ca\/en\/fall\/"]}]},{"@type":"ImageObject","inLanguage":"en-US","@id":"https:\/\/tourismesutton.ca\/en\/fall\/#primaryimage","url":"https:\/\/scontent-iad3-1.cdninstagram.com\/v\/t39.30808-6\/459098739_1149899329993843_3464092839619930757_n.jpg?_nc_cat=102&ccb=1-7&_nc_sid=18de74&_nc_ohc=vthJKvJK5NMQ7kNvgHNi3U_&_nc_ht=scontent-iad3-1.cdninstagram.com&edm=ANo9K5cEAAAA&_nc_gid=AfmhwFnI72mU7ghqLPXQMA7&oh=00_AYANwwdeFzdbdHpPJs2j656bAMDcGPCF-T7dJNrLyEJwUA&oe=66E9024E","contentUrl":"https:\/\/scontent-iad3-1.cdninstagram.com\/v\/t39.30808-6\/459098739_1149899329993843_3464092839619930757_n.jpg?_nc_cat=102&ccb=1-7&_nc_sid=18de74&_nc_ohc=vthJKvJK5NMQ7kNvgHNi3U_&_nc_ht=scontent-iad3-1.cdninstagram.com&edm=ANo9K5cEAAAA&_nc_gid=AfmhwFnI72mU7ghqLPXQMA7&oh=00_AYANwwdeFzdbdHpPJs2j656bAMDcGPCF-T7dJNrLyEJwUA&oe=66E9024E"},{"@type":"BreadcrumbList","@id":"https:\/\/tourismesutton.ca\/en\/fall\/#breadcrumb","itemListElement":[{"@type":"ListItem","position":1,"name":"Accueil","item":"https:\/\/tourismesutton.ca\/en\/"},{"@type":"ListItem","position":2,"name":"Fall"}]},{"@type":"WebSite","@id":"https:\/\/tourismesutton.ca\/en\/#website","url":"https:\/\/tourismesutton.ca\/en\/","name":"Tourisme Sutton","description":"C&#039;est ici que je veux \u00eatre","potentialAction":[{"@type":"SearchAction","target":{"@type":"EntryPoint","urlTemplate":"https:\/\/tourismesutton.ca\/en\/?s={search_term_string}"},"query-input":{"@type":"PropertyValueSpecification","valueRequired":true,"valueName":"search_term_string"}}],"inLanguage":"en-US"}]}},"_links":{"self":[{"href":"https:\/\/tourismesutton.ca\/en\/wp-json\/wp\/v2\/pages\/1095","targetHints":{"allow":["GET"]}}],"collection":[{"href":"https:\/\/tourismesutton.ca\/en\/wp-json\/wp\/v2\/pages"}],"about":[{"href":"https:\/\/tourismesutton.ca\/en\/wp-json\/wp\/v2\/types\/page"}],"author":[{"embeddable":true,"href":"https:\/\/tourismesutton.ca\/en\/wp-json\/wp\/v2\/users\/2"}],"replies":[{"embeddable":true,"href":"https:\/\/tourismesutton.ca\/en\/wp-json\/wp\/v2\/comments?post=1095"}],"version-history":[{"count":26,"href":"https:\/\/tourismesutton.ca\/en\/wp-json\/wp\/v2\/pages\/1095\/revisions"}],"predecessor-version":[{"id":10600,"href":"https:\/\/tourismesutton.ca\/en\/wp-json\/wp\/v2\/pages\/1095\/revisions\/10600"}],"wp:attachment":[{"href":"https:\/\/tourismesutton.ca\/en\/wp-json\/wp\/v2\/media?parent=1095"}],"curies":[{"name":"wp","href":"https:\/\/api.w.org\/{rel}","templated":true}]}}